{"id":2247,"date":"2024-11-30T12:14:11","date_gmt":"2024-11-30T11:14:11","guid":{"rendered":"https:\/\/asso-ajt.fr\/?page_id=2247"},"modified":"2025-03-10T20:50:44","modified_gmt":"2025-03-10T19:50:44","slug":"liens-utiles","status":"publish","type":"page","link":"https:\/\/asso-ajt.fr\/index.php\/liens-utiles\/","title":{"rendered":"Liens utiles"},"content":{"rendered":"<div data-colibri-id=\"2247-c1\" class=\"style-851 style-local-2247-c1 position-relative\">\n  <!---->\n  <div data-colibri-component=\"section\" data-colibri-id=\"2247-c2\" id=\"about\" class=\"h-section h-section-global-spacing d-flex align-items-lg-start align-items-md-start align-items-start style-852 style-local-2247-c2 position-relative\">\n    <!---->\n    <!---->\n    <div class=\"h-section-grid-container h-section-boxed-container\">\n      <!---->\n      <div data-colibri-id=\"2247-c3\" class=\"h-row-container gutters-row-lg-0 gutters-row-md-0 gutters-row-0 gutters-row-v-lg-0 gutters-row-v-md-0 gutters-row-v-0 style-853 style-local-2247-c3 position-relative\">\n        <!---->\n        <div class=\"h-row justify-content-lg-center justify-content-md-center justify-content-center align-items-lg-stretch align-items-md-stretch align-items-stretch gutters-col-lg-0 gutters-col-md-0 gutters-col-0 gutters-col-v-lg-0 gutters-col-v-md-0 gutters-col-v-0\">\n          <!---->\n          <div class=\"h-column h-column-container d-flex h-col-lg-auto h-col-md-auto h-col-auto style-854-outer style-local-2247-c4-outer\">\n            <div data-colibri-id=\"2247-c4\" class=\"d-flex h-flex-basis h-column__inner h-px-lg-0 h-px-md-0 h-px-0 v-inner-lg-0 v-inner-md-0 v-inner-0 style-854 style-local-2247-c4 position-relative\">\n              <!---->\n              <!---->\n              <div class=\"w-100 h-y-container h-column__content h-column__v-align flex-basis-100 align-self-lg-start align-self-md-start align-self-start\">\n                <!---->\n                <div data-colibri-id=\"2247-c5\" class=\"h-global-transition-all h-heading style-856 style-local-2247-c5 position-relative h-element\">\n                  <!---->\n                  <div class=\"h-heading__outer style-856 style-local-2247-c5\">\n                    <!---->\n                    <!---->\n                    <h2 class=\"\">CyberNeTic<\/h2>\n                  <\/div>\n                <\/div>\n                <div data-colibri-id=\"2247-c6\" class=\"h-text h-text-component style-857 style-local-2247-c6 position-relative h-element\">\n                  <!---->\n                  <!---->\n                  <div class=\"\">\n                    <p>\n                      <br>\n                    <\/p>\n                    <p>Du virtuel au r\u00e9el : se pr\u00e9munir des m\u00e9canismes du cyberharc\u00e8lement<\/p>\n                    <p>\n                      <br>\n                    <\/p>\n                    <p>\n                      <br>\n                    <\/p>\n                    <p>\n                      <br>\n                    <\/p>\n                    <p>\n                      <br>\n                    <\/p>\n                  <\/div>\n                <\/div>\n                <div data-colibri-id=\"2247-c7\" class=\"h-x-container style-861 style-local-2247-c7 position-relative h-element\">\n                  <!---->\n                  <div class=\"h-x-container-inner style-dynamic-2247-c7-group style-861-spacing style-local-2247-c7-spacing\"><span class=\"h-button__outer style-862-outer style-local-2247-c8-outer d-inline-flex h-element\"><a h-use-smooth-scroll=\"true\" href=\"https:\/\/cyberneticproject.eu\/\"  data-colibri-id=\"2247-c8\" class=\"d-flex w-100 align-items-center h-button justify-content-lg-center justify-content-md-center justify-content-center style-862 style-local-2247-c8 position-relative\"><!----><!----> <span>En savoir plus<\/span><\/a>\n                    <\/span>\n                  <\/div>\n                <\/div>\n              <\/div>\n            <\/div>\n          <\/div>\n          <div class=\"h-column h-column-container d-flex h-col-lg-auto h-col-md-auto h-col-auto style-858-outer style-local-2247-c9-outer\">\n            <div data-colibri-id=\"2247-c9\" class=\"d-flex h-flex-basis h-column__inner h-ui-empty-state-container h-px-lg-2 h-px-md-2 h-px-2 v-inner-lg-2 v-inner-md-2 v-inner-2 style-858 style-local-2247-c9 position-relative\">\n              <!---->\n              <!---->\n              <div class=\"w-100 h-y-container h-column__content h-column__v-align flex-basis-100\">\n                <!---->\n              <\/div>\n            <\/div>\n          <\/div>\n        <\/div>\n      <\/div>\n      <div data-colibri-id=\"2247-c10\" class=\"h-row-container gutters-row-lg-2 gutters-row-md-2 gutters-row-0 gutters-row-v-lg-2 gutters-row-v-md-2 gutters-row-v-2 style-859 style-local-2247-c10 position-relative\">\n        <!---->\n        <div class=\"h-row justify-content-lg-center justify-content-md-center justify-content-center align-items-lg-stretch align-items-md-stretch align-items-stretch gutters-col-lg-2 gutters-col-md-2 gutters-col-0 gutters-col-v-lg-2 gutters-col-v-md-2 gutters-col-v-2\">\n          <!---->\n          <div class=\"h-column h-column-container d-flex h-col-lg-auto h-col-md-auto h-col-auto style-860-outer style-local-2247-c11-outer\">\n            <div data-colibri-id=\"2247-c11\" class=\"d-flex h-flex-basis h-column__inner h-ui-empty-state-container h-px-lg-2 h-px-md-2 h-px-2 v-inner-lg-2 v-inner-md-2 v-inner-2 style-860 style-local-2247-c11 position-relative\">\n              <!---->\n              <!---->\n              <div class=\"w-100 h-y-container h-column__content h-column__v-align flex-basis-100\">\n                <!---->\n              <\/div>\n            <\/div>\n          <\/div>\n        <\/div>\n      <\/div>\n    <\/div>\n  <\/div>\n<\/div>","protected":false},"excerpt":{"rendered":"<p>CyberNeTic Du virtuel au r\u00e9el : se pr\u00e9munir des m\u00e9canismes du cyberharc\u00e8lement En savoir plus<\/p>\n","protected":false},"author":1,"featured_media":0,"parent":0,"menu_order":0,"comment_status":"closed","ping_status":"closed","template":"page-templates\/full-width-page.php","meta":[],"_links":{"self":[{"href":"https:\/\/asso-ajt.fr\/index.php\/wp-json\/wp\/v2\/pages\/2247"}],"collection":[{"href":"https:\/\/asso-ajt.fr\/index.php\/wp-json\/wp\/v2\/pages"}],"about":[{"href":"https:\/\/asso-ajt.fr\/index.php\/wp-json\/wp\/v2\/types\/page"}],"author":[{"embeddable":true,"href":"https:\/\/asso-ajt.fr\/index.php\/wp-json\/wp\/v2\/users\/1"}],"replies":[{"embeddable":true,"href":"https:\/\/asso-ajt.fr\/index.php\/wp-json\/wp\/v2\/comments?post=2247"}],"version-history":[{"count":3,"href":"https:\/\/asso-ajt.fr\/index.php\/wp-json\/wp\/v2\/pages\/2247\/revisions"}],"predecessor-version":[{"id":2361,"href":"https:\/\/asso-ajt.fr\/index.php\/wp-json\/wp\/v2\/pages\/2247\/revisions\/2361"}],"wp:attachment":[{"href":"https:\/\/asso-ajt.fr\/index.php\/wp-json\/wp\/v2\/media?parent=2247"}],"curies":[{"name":"wp","href":"https:\/\/api.w.org\/{rel}","templated":true}]}}