{"id":1995,"date":"2024-03-12T10:53:54","date_gmt":"2024-03-12T09:53:54","guid":{"rendered":"https:\/\/asso-ajt.fr\/?page_id=1995"},"modified":"2025-03-10T20:55:36","modified_gmt":"2025-03-10T19:55:36","slug":"formations","status":"publish","type":"page","link":"https:\/\/asso-ajt.fr\/index.php\/formations\/","title":{"rendered":"Formations"},"content":{"rendered":"<div data-colibri-id=\"1995-c1\" class=\"style-797 style-local-1995-c1 position-relative\">\n  <!---->\n  <div data-colibri-component=\"section\" data-colibri-id=\"1995-c2\" id=\"colloque-21-mars-2025\" class=\"h-section h-section-global-spacing d-flex align-items-lg-center align-items-md-center align-items-center style-886 style-local-1995-c2 position-relative\">\n    <!---->\n    <!---->\n    <div class=\"h-section-grid-container h-section-fluid-container\">\n      <!---->\n      <div data-colibri-id=\"1995-c3\" class=\"h-row-container gutters-row-lg-0 gutters-row-md-0 gutters-row-0 gutters-row-v-lg-0 gutters-row-v-md-0 gutters-row-v-0 style-887 style-local-1995-c3 position-relative\">\n        <!---->\n        <div class=\"h-row justify-content-lg-center justify-content-md-center justify-content-center align-items-lg-stretch align-items-md-stretch align-items-stretch gutters-col-lg-0 gutters-col-md-0 gutters-col-0 gutters-col-v-lg-0 gutters-col-v-md-0 gutters-col-v-0\">\n          <!---->\n          <div class=\"h-column h-column-container d-flex h-col-lg-auto h-col-md-auto h-col-auto style-909-outer style-local-1995-c4-outer\">\n            <div data-colibri-id=\"1995-c4\" class=\"d-flex h-flex-basis h-column__inner h-px-lg-2 h-px-md-2 h-px-2 v-inner-lg-2 v-inner-md-2 v-inner-2 style-909 style-local-1995-c4 position-relative\">\n              <!---->\n              <!---->\n              <div class=\"w-100 h-y-container h-column__content h-column__v-align flex-basis-100 align-self-lg-start align-self-md-start align-self-start\">\n                <!---->\n                <div data-colibri-id=\"1995-c5\" class=\"d-block style-910 style-local-1995-c5 position-relative h-element\">\n                  <!---->\n                  <div class=\"h-image__frame-container-outer\">\n                    <div class=\"h-image__frame-container\">\n                      <!---->\n                      <!---->\n                      <img src=\"https:\/\/asso-ajt.fr\/wp-content\/uploads\/2025\/03\/cropped-affiche-1.png\" class=\"style-910-image style-local-1995-c5-image\">\n                      <div class=\"h-image__frame h-hide-lg h-hide-md h-hide-sm style-910-frameImage style-local-1995-c5-frameImage\"><\/div>\n                    <\/div>\n                  <\/div>\n                <\/div>\n              <\/div>\n            <\/div>\n          <\/div>\n          <div class=\"h-column h-column-container d-flex h-col-lg-auto h-col-md-auto h-col-auto style-888-outer style-local-1995-c6-outer\">\n            <div data-colibri-id=\"1995-c6\" class=\"d-flex h-flex-basis h-column__inner h-px-lg-0 h-px-md-0 h-px-0 v-inner-lg-0 v-inner-md-0 v-inner-0 style-888 style-local-1995-c6 position-relative\">\n              <!---->\n              <!---->\n              <div class=\"w-100 h-y-container h-column__content h-column__v-align flex-basis-100 align-self-lg-start align-self-md-start align-self-start\">\n                <!---->\n                <div data-colibri-id=\"1995-c7\" class=\"h-global-transition-all h-heading style-889 style-local-1995-c7 position-relative h-element\">\n                  <!---->\n                  <div class=\"h-heading__outer style-889 style-local-1995-c7\">\n                    <!---->\n                    <!---->\n                    <h5 class=\"\">21 mars 2025<\/h5>\n                  <\/div>\n                <\/div>\n                <div data-colibri-id=\"1995-c8\" class=\"h-global-transition-all h-heading style-890 style-local-1995-c8 position-relative h-element\">\n                  <!---->\n                  <div class=\"h-heading__outer style-890 style-local-1995-c8\">\n                    <!---->\n                    <!---->\n                    <h3 class=\"\">\u00ab\u00a0L&rsquo;enfant, le discernement et&#8230; l&rsquo;Avocat\u00a0\u00bb<\/h3>\n                  <\/div>\n                <\/div>\n                <div data-colibri-id=\"1995-c9\" class=\"h-text h-text-component style-891 style-local-1995-c9 position-relative h-element\">\n                  <!---->\n                  <!---->\n                  <div class=\"\">\n                    <p>L&rsquo;AJT organise un colloque sur le discernement de l&rsquo;enfant et l&rsquo;impact sur ses droits :<\/p>\n                    <p>Le vendredi 21 mars 2025<\/p>\n                    <p>de 9h00 \u00e0 17h00<\/p>\n                    <p>Ordre des Avocats de TOULOUSE &#8211; 13 rue des fleurs<\/p>\n                  <\/div>\n                <\/div>\n                <div data-colibri-id=\"1995-c10\" class=\"h-x-container style-911 style-local-1995-c10 position-relative h-element\">\n                  <!---->\n                  <div class=\"h-x-container-inner style-dynamic-1995-c10-group style-911-spacing style-local-1995-c10-spacing\"><span class=\"h-button__outer style-912-outer style-local-1995-c11-outer d-inline-flex h-element\"><a h-use-smooth-scroll=\"true\" href=\"https:\/\/www.helloasso.com\/associations\/avocats-des-jeunes-de-toulouse\/evenements\/colloque-l-enfant-le-discernement-et-l-avocat\"  data-colibri-id=\"1995-c11\" class=\"d-flex w-100 align-items-center h-button justify-content-lg-center justify-content-md-center justify-content-center style-912 style-local-1995-c11 position-relative\"><!----><!----> <span>inscription<\/span><\/a>\n                    <\/span>\n                  <\/div>\n                <\/div>\n              <\/div>\n            <\/div>\n          <\/div>\n          <div class=\"h-column h-column-container d-flex h-col-lg-auto h-col-md-auto h-col-auto style-907-outer style-local-1995-c12-outer\">\n            <div data-colibri-id=\"1995-c12\" class=\"d-flex h-flex-basis h-column__inner h-px-lg-2 h-px-md-2 h-px-2 v-inner-lg-2 v-inner-md-2 v-inner-2 style-907 style-local-1995-c12 position-relative\">\n              <!---->\n              <!---->\n              <div class=\"w-100 h-y-container h-column__content h-column__v-align flex-basis-100 align-self-lg-start align-self-md-start align-self-start\">\n                <!---->\n                <div data-colibri-id=\"1995-c13\" class=\"d-block style-908 style-local-1995-c13 position-relative h-element\">\n                  <!---->\n                  <div class=\"h-image__frame-container-outer\">\n                    <div class=\"h-image__frame-container\">\n                      <!---->\n                      <!---->\n                      <img src=\"https:\/\/asso-ajt.fr\/wp-content\/uploads\/2025\/03\/cropped-cropped-programme-du-colloque.png\" class=\"style-908-image style-local-1995-c13-image\">\n                      <div class=\"h-image__frame h-hide-lg h-hide-md h-hide-sm style-908-frameImage style-local-1995-c13-frameImage\"><\/div>\n                    <\/div>\n                  <\/div>\n                <\/div>\n              <\/div>\n            <\/div>\n          <\/div>\n        <\/div>\n      <\/div>\n    <\/div>\n  <\/div>\n  <div data-colibri-component=\"section\" data-colibri-id=\"1995-c14\" id=\"colloque-28-juin-2024\" class=\"h-section h-section-global-spacing d-flex align-items-lg-center align-items-md-center align-items-center style-805 style-local-1995-c14 position-relative\">\n    <!---->\n    <!---->\n    <div class=\"h-section-grid-container h-section-fluid-container\">\n      <!---->\n      <div data-colibri-id=\"1995-c15\" class=\"h-row-container gutters-row-lg-0 gutters-row-md-0 gutters-row-3 gutters-row-v-lg-0 gutters-row-v-md-0 gutters-row-v-3 style-806 style-local-1995-c15 position-relative\">\n        <!---->\n        <div class=\"h-row justify-content-lg-center justify-content-md-center justify-content-center align-items-lg-center align-items-md-center align-items-center gutters-col-lg-0 gutters-col-md-0 gutters-col-3 gutters-col-v-lg-0 gutters-col-v-md-0 gutters-col-v-3\">\n          <!---->\n          <div class=\"h-column h-column-container d-flex h-col-lg-auto h-col-md-auto h-col-auto align-self-lg-center align-self-md-center align-self-center style-807-outer style-local-1995-c16-outer\">\n            <div data-colibri-id=\"1995-c16\" class=\"d-flex h-flex-basis h-column__inner h-px-lg-0 h-px-md-0 h-px-0 v-inner-lg-0 v-inner-md-0 v-inner-0 style-807 style-local-1995-c16 position-relative\">\n              <!---->\n              <!---->\n              <div class=\"w-100 h-y-container h-column__content h-column__v-align flex-basis-100 align-self-lg-center align-self-md-center align-self-center\">\n                <!---->\n                <div data-colibri-id=\"1995-c17\" class=\"d-block style-827 style-local-1995-c17 position-relative h-element\">\n                  <!---->\n                  <div class=\"h-image__frame-container-outer\">\n                    <div class=\"h-image__frame-container\">\n                      <!---->\n                      <!---->\n                      <img loading=\"lazy\" width=\"1414\" height=\"2000\" src=\"https:\/\/asso-ajt.fr\/wp-content\/uploads\/2024\/06\/COLLOQUE-LA-PROSTITUTION-DES-MINEURS-AGIR...-.png\" class=\"wp-image-2126 style-827-image style-local-1995-c17-image\" srcset=\"https:\/\/asso-ajt.fr\/wp-content\/uploads\/2024\/06\/COLLOQUE-LA-PROSTITUTION-DES-MINEURS-AGIR...-.png 1414w, https:\/\/asso-ajt.fr\/wp-content\/uploads\/2024\/06\/COLLOQUE-LA-PROSTITUTION-DES-MINEURS-AGIR...--212x300.png 212w, https:\/\/asso-ajt.fr\/wp-content\/uploads\/2024\/06\/COLLOQUE-LA-PROSTITUTION-DES-MINEURS-AGIR...--724x1024.png 724w, https:\/\/asso-ajt.fr\/wp-content\/uploads\/2024\/06\/COLLOQUE-LA-PROSTITUTION-DES-MINEURS-AGIR...--768x1086.png 768w, https:\/\/asso-ajt.fr\/wp-content\/uploads\/2024\/06\/COLLOQUE-LA-PROSTITUTION-DES-MINEURS-AGIR...--1086x1536.png 1086w\" sizes=\"(max-width: 1414px) 100vw, 1414px\" alt=\"\" \/>\n                      <div class=\"h-image__frame h-hide-lg h-hide-md h-hide-sm style-827-frameImage style-local-1995-c17-frameImage\"><\/div>\n                    <\/div>\n                  <\/div>\n                <\/div>\n              <\/div>\n            <\/div>\n          <\/div>\n          <div class=\"h-column h-column-container d-flex h-col-lg-auto h-col-md-auto h-col-auto align-self-lg-center align-self-md-center align-self-center style-808-outer style-local-1995-c18-outer\">\n            <div data-colibri-id=\"1995-c18\" class=\"d-flex h-flex-basis h-column__inner h-px-lg-2 h-px-md-2 h-px-2 v-inner-lg-2 v-inner-md-2 v-inner-2 style-808 style-local-1995-c18 position-relative\">\n              <!---->\n              <!---->\n              <div class=\"w-100 h-y-container h-column__content h-column__v-align flex-basis-100 align-self-lg-start align-self-md-start align-self-start\">\n                <!---->\n                <div data-colibri-id=\"1995-c19\" class=\"h-global-transition-all h-heading style-809 style-local-1995-c19 position-relative h-element\">\n                  <!---->\n                  <div class=\"h-heading__outer style-809 style-local-1995-c19\">\n                    <!---->\n                    <!---->\n                    <h5 class=\"\">28 juin 2024<\/h5>\n                  <\/div>\n                <\/div>\n                <div data-colibri-id=\"1995-c20\" class=\"h-global-transition-all h-heading style-810 style-local-1995-c20 position-relative h-element\">\n                  <!---->\n                  <div class=\"h-heading__outer style-810 style-local-1995-c20\">\n                    <!---->\n                    <!---->\n                    <h3 class=\"\">La prostitution des mineurs : &#8230; Agir !<\/h3>\n                  <\/div>\n                <\/div>\n                <div data-colibri-id=\"1995-c21\" class=\"h-text h-text-component style-811 style-local-1995-c21 position-relative h-element\">\n                  <!---->\n                  <!---->\n                  <div class=\"\">\n                    <p>L&rsquo;AJT organise un colloque le vendredi 28 Juin 2024 de 8h30 \u00e0 17h00\n                      <br>A l&rsquo;Espace Diversit\u00e9 La\u00efcit\u00e9 &#8211; Auditorium &#8211; 38 Rue d&rsquo;Aubuisson\n                      <br>31000 Mission Locale Toulouse\n                      <br>Parce que la lutte contre la prostitution des mineurs, ph\u00e9nom\u00e8ne en nette progression, est aujourd\u2019hui une priorit\u00e9 nationale, l\u2019AJT propose une journ\u00e9e de r\u00e9flexion et d\u2019\u00e9changes pour tenter d\u2019en dresser un \u00e9tat des lieux l\u00e9gislatif\n                      et social.\n                      <br>\n                      <br>\n                    <\/p>\n                  <\/div>\n                <\/div>\n                <div data-colibri-id=\"1995-c22\" class=\"h-x-container style-821 style-local-1995-c22 position-relative h-element\">\n                  <!---->\n                  <div class=\"h-x-container-inner style-dynamic-1995-c22-group style-821-spacing style-local-1995-c22-spacing\"><span class=\"h-button__outer style-822-outer style-local-1995-c23-outer d-inline-flex h-element\"><a h-use-smooth-scroll=\"true\" href=\" https:\/\/www.helloasso.com\/associations\/avocats-des-jeunes-de-toulouse\/evenements\/colloque-la-prostitution-des-mineurs-agir\"  data-colibri-id=\"1995-c23\" class=\"d-flex w-100 align-items-center h-button justify-content-lg-center justify-content-md-center justify-content-center style-822 style-local-1995-c23 position-relative\"><!----><!----> <span>inscription<\/span><\/a>\n                    <\/span>\n                  <\/div>\n                <\/div>\n              <\/div>\n            <\/div>\n          <\/div>\n          <div class=\"h-column h-column-container d-flex h-col-lg-auto h-col-md-auto h-col-auto align-self-lg-center align-self-md-center align-self-center style-825-outer style-local-1995-c24-outer\">\n            <div data-colibri-id=\"1995-c24\" class=\"d-flex h-flex-basis h-column__inner h-px-lg-2 h-px-md-2 h-px-2 v-inner-lg-2 v-inner-md-2 v-inner-2 style-825 style-local-1995-c24 position-relative\">\n              <!---->\n              <!---->\n              <div class=\"w-100 h-y-container h-column__content h-column__v-align flex-basis-100 align-self-lg-start align-self-md-start align-self-start\">\n                <!---->\n                <div data-colibri-id=\"1995-c25\" class=\"d-block style-826 style-local-1995-c25 position-relative h-element\">\n                  <!---->\n                  <div class=\"h-image__frame-container-outer\">\n                    <div class=\"h-image__frame-container\">\n                      <!---->\n                      <!---->\n                      <img src=\"https:\/\/asso-ajt.fr\/wp-content\/uploads\/2024\/06\/programme-du-colloque-1.png\" class=\"style-826-image style-local-1995-c25-image\">\n                      <div class=\"h-image__frame h-hide-lg h-hide-md h-hide-sm style-826-frameImage style-local-1995-c25-frameImage\"><\/div>\n                    <\/div>\n                  <\/div>\n                <\/div>\n              <\/div>\n            <\/div>\n          <\/div>\n        <\/div>\n      <\/div>\n    <\/div>\n  <\/div>\n  <div data-colibri-component=\"section\" data-colibri-id=\"1995-c26\" id=\"formation-29-mars-2024\" class=\"h-section h-section-global-spacing d-flex align-items-lg-center align-items-md-center align-items-center style-798 style-local-1995-c26 position-relative\">\n    <!---->\n    <!---->\n    <div class=\"h-section-grid-container h-section-boxed-container\">\n      <!---->\n      <div data-colibri-id=\"1995-c27\" class=\"h-row-container gutters-row-lg-0 gutters-row-md-0 gutters-row-0 gutters-row-v-lg-0 gutters-row-v-md-0 gutters-row-v-0 style-799 style-local-1995-c27 position-relative\">\n        <!---->\n        <div class=\"h-row justify-content-lg-center justify-content-md-center justify-content-center align-items-lg-stretch align-items-md-stretch align-items-stretch gutters-col-lg-0 gutters-col-md-0 gutters-col-0 gutters-col-v-lg-0 gutters-col-v-md-0 gutters-col-v-0\">\n          <!---->\n          <div class=\"h-column h-column-container d-flex h-col-lg-auto h-col-md-auto h-col-auto style-800-outer style-local-1995-c28-outer\">\n            <div data-colibri-id=\"1995-c28\" class=\"d-flex h-flex-basis h-column__inner h-px-lg-0 h-px-md-0 h-px-0 v-inner-lg-0 v-inner-md-0 v-inner-0 style-800 style-local-1995-c28 position-relative\">\n              <!---->\n              <!---->\n              <div class=\"w-100 h-y-container h-column__content h-column__v-align flex-basis-100 align-self-lg-start align-self-md-start align-self-start\">\n                <!---->\n                <div data-colibri-id=\"1995-c29\" class=\"h-global-transition-all h-heading style-801 style-local-1995-c29 position-relative h-element\">\n                  <!---->\n                  <div class=\"h-heading__outer style-801 style-local-1995-c29\">\n                    <!---->\n                    <!---->\n                    <h5 class=\"\">29 mars 2024<\/h5>\n                  <\/div>\n                <\/div>\n                <div data-colibri-id=\"1995-c30\" class=\"h-global-transition-all h-heading style-802 style-local-1995-c30 position-relative h-element\">\n                  <!---->\n                  <div class=\"h-heading__outer style-802 style-local-1995-c30\">\n                    <!---->\n                    <!---->\n                    <h2 class=\"\">La d\u00e9ontologie de l&rsquo;avocat d&rsquo;enfants<\/h2>\n                  <\/div>\n                <\/div>\n                <div data-colibri-id=\"1995-c31\" class=\"h-text h-text-component style-803 style-local-1995-c31 position-relative h-element\">\n                  <!---->\n                  <!---->\n                  <div class=\"\">\n                    <p>AJT organise sa premi\u00e8re formation pour 2024<\/p>\n                    <p>Cette formation pratique propos\u00e9e par l&rsquo;AJT, portera sur les principes d\u00e9ontologiques qui encadrent l&rsquo;intervention de l&rsquo;avocat d&rsquo;enfants.<\/p>\n                    <p>Elle valide 2h de formation continue<\/p>\n                  <\/div>\n                <\/div>\n              <\/div>\n            <\/div>\n          <\/div>\n          <div class=\"h-column h-column-container d-flex h-col-lg-auto h-col-md-auto h-col-auto style-804-outer style-local-1995-c32-outer\">\n            <div data-colibri-id=\"1995-c32\" class=\"d-flex h-flex-basis h-column__inner h-ui-empty-state-container h-px-lg-2 h-px-md-2 h-px-2 v-inner-lg-2 v-inner-md-2 v-inner-2 style-804 style-local-1995-c32 position-relative\">\n              <!---->\n              <!---->\n              <div class=\"w-100 h-y-container h-column__content h-column__v-align flex-basis-100\">\n                <!---->\n              <\/div>\n            <\/div>\n          <\/div>\n        <\/div>\n      <\/div>\n    <\/div>\n  <\/div>\n<\/div>","protected":false},"excerpt":{"rendered":"<p>21 mars 2025 \u00ab\u00a0L&rsquo;enfant, le discernement et&#8230; l&rsquo;Avocat\u00a0\u00bb L&rsquo;AJT organise un colloque sur le discernement de l&rsquo;enfant et l&rsquo;impact sur ses droits : Le vendredi 21 mars 2025 de 9h00 \u00e0 17h00 Ordre des Avocats de TOULOUSE &#8211; 13 rue des fleurs inscription 28 juin 2024 La prostitution des mineurs : &#8230; Agir ! L&rsquo;AJT [&hellip;]<\/p>\n","protected":false},"author":1,"featured_media":0,"parent":0,"menu_order":0,"comment_status":"closed","ping_status":"closed","template":"page-templates\/full-width-page.php","meta":[],"_links":{"self":[{"href":"https:\/\/asso-ajt.fr\/index.php\/wp-json\/wp\/v2\/pages\/1995"}],"collection":[{"href":"https:\/\/asso-ajt.fr\/index.php\/wp-json\/wp\/v2\/pages"}],"about":[{"href":"https:\/\/asso-ajt.fr\/index.php\/wp-json\/wp\/v2\/types\/page"}],"author":[{"embeddable":true,"href":"https:\/\/asso-ajt.fr\/index.php\/wp-json\/wp\/v2\/users\/1"}],"replies":[{"embeddable":true,"href":"https:\/\/asso-ajt.fr\/index.php\/wp-json\/wp\/v2\/comments?post=1995"}],"version-history":[{"count":20,"href":"https:\/\/asso-ajt.fr\/index.php\/wp-json\/wp\/v2\/pages\/1995\/revisions"}],"predecessor-version":[{"id":2375,"href":"https:\/\/asso-ajt.fr\/index.php\/wp-json\/wp\/v2\/pages\/1995\/revisions\/2375"}],"wp:attachment":[{"href":"https:\/\/asso-ajt.fr\/index.php\/wp-json\/wp\/v2\/media?parent=1995"}],"curies":[{"name":"wp","href":"https:\/\/api.w.org\/{rel}","templated":true}]}}