{"id":1029,"date":"2021-09-16T23:58:25","date_gmt":"2021-09-16T21:58:25","guid":{"rendered":"http:\/\/yvvthpg.cluster031.hosting.ovh.net\/?page_id=1029"},"modified":"2026-01-07T10:05:12","modified_gmt":"2026-01-07T09:05:12","slug":"adhesion","status":"publish","type":"page","link":"https:\/\/asso-ajt.fr\/index.php\/adhesion\/","title":{"rendered":"Adh\u00e9sion"},"content":{"rendered":"<div data-colibri-id=\"1029-c1\" class=\"style-633 style-local-1029-c1 position-relative\">\n  <!---->\n  <div data-colibri-component=\"section\" data-colibri-id=\"1029-c2\" id=\"about\" class=\"h-section h-section-global-spacing d-flex align-items-lg-center align-items-md-center align-items-center style-634 style-local-1029-c2 position-relative\">\n    <!---->\n    <!---->\n    <div class=\"h-section-grid-container h-section-boxed-container\">\n      <!---->\n      <div data-colibri-id=\"1029-c3\" class=\"h-row-container gutters-row-lg-0 gutters-row-md-0 gutters-row-0 gutters-row-v-lg-0 gutters-row-v-md-0 gutters-row-v-0 style-635 style-local-1029-c3 position-relative\">\n        <!---->\n        <div class=\"h-row justify-content-lg-center justify-content-md-center justify-content-center align-items-lg-stretch align-items-md-stretch align-items-stretch gutters-col-lg-0 gutters-col-md-0 gutters-col-0 gutters-col-v-lg-0 gutters-col-v-md-0 gutters-col-v-0\">\n          <!---->\n          <div class=\"h-column h-column-container d-flex h-col-lg-auto h-col-md-auto h-col-auto style-636-outer style-local-1029-c4-outer\">\n            <div data-colibri-id=\"1029-c4\" class=\"d-flex h-flex-basis h-column__inner h-px-lg-0 h-px-md-0 h-px-0 v-inner-lg-0 v-inner-md-0 v-inner-0 style-636 style-local-1029-c4 position-relative\">\n              <!---->\n              <!---->\n              <div class=\"w-100 h-y-container h-column__content h-column__v-align flex-basis-100 align-self-lg-start align-self-md-start align-self-start\">\n                <!---->\n                <div data-colibri-id=\"1029-c5\" class=\"h-global-transition-all h-heading style-638 style-local-1029-c5 position-relative h-element\">\n                  <!---->\n                  <div class=\"h-heading__outer style-638 style-local-1029-c5\">\n                    <!---->\n                    <!---->\n                    <h3 class=\"\">ADHESION<\/h3>\n                  <\/div>\n                <\/div>\n                <div data-colibri-id=\"1029-c6\" class=\"h-text h-text-component style-639 style-local-1029-c6 position-relative h-element\">\n                  <!---->\n                  <!---->\n                  <div class=\"\">\n                    <p>L&rsquo;adh\u00e9sion est de 50 euros. (paiement par ch\u00e8que \u00e0 adresser \u00e0 l&rsquo;Association ou via le site helloasso).<\/p>\n                    <p>Pour les avocats souhaitant adh\u00e9rer \u00e0 l&rsquo;association, il est obligatoire de signer la charte de d\u00e9ontologie des avocats d&rsquo;enfants, adopt\u00e9e par le CNB et ratifi\u00e9e par l&rsquo;Ordre des Avocats de TOULOUSE.<\/p>\n                  <\/div>\n                <\/div>\n                <div data-colibri-id=\"1029-c7\" class=\"h-x-container style-687 style-local-1029-c7 position-relative h-element\">\n                  <!---->\n                  <div class=\"h-x-container-inner style-dynamic-1029-c7-group style-687-spacing style-local-1029-c7-spacing\"><span class=\"h-button__outer style-688-outer style-local-1029-c8-outer d-inline-flex h-element\"><a h-use-smooth-scroll=\"true\" href=\"https:\/\/www.helloasso.com\/associations\/avocats-des-jeunes-de-toulouse\/adhesions\/adhesion-renouvellement-d-adhesion-2026\"  data-colibri-id=\"1029-c8\" class=\"d-flex w-100 align-items-center h-button justify-content-lg-center justify-content-md-center justify-content-center style-688 style-local-1029-c8 position-relative\"><!----><!----> <span>Helloasso<\/span><\/a>\n                    <\/span>\n                  <\/div>\n                <\/div>\n                <div data-colibri-id=\"1029-c9\" class=\"h-x-container style-674 style-local-1029-c9 position-relative h-element\">\n                  <!---->\n                  <div class=\"h-x-container-inner style-dynamic-1029-c9-group style-674-spacing style-local-1029-c9-spacing\"><span class=\"h-button__outer style-675-outer style-local-1029-c10-outer d-inline-flex h-element\"><a h-use-smooth-scroll=\"true\" href=\"https:\/\/asso-ajt.fr\/wp-content\/uploads\/2026\/01\/Microsoft-Word-bulletin-dadhe\u0301sion-AJT-2026.docx-2.jpg\" target=\"_blank\" data-colibri-id=\"1029-c10\" class=\"d-flex w-100 align-items-center h-button justify-content-lg-center justify-content-md-center justify-content-center style-675 style-local-1029-c10 position-relative\" rel=\"noopener\"><!----><!----> <span>BULLETIN D&rsquo;ADHESION<\/span><\/a>\n                    <\/span>\n                  <\/div>\n                <\/div>\n                <div data-colibri-id=\"1029-c11\" class=\"h-x-container style-641 style-local-1029-c11 position-relative h-element\">\n                  <!---->\n                  <div class=\"h-x-container-inner style-dynamic-1029-c11-group style-641-spacing style-local-1029-c11-spacing\"><span class=\"h-button__outer style-642-outer style-local-1029-c12-outer d-inline-flex h-element\"><a h-use-smooth-scroll=\"true\" href=\"http:\/\/yvvthpg.cluster031.hosting.ovh.net\/wp-content\/uploads\/2021\/09\/charte-adhe\u0301sion.pdf\" target=\"_blank\" data-colibri-id=\"1029-c12\" class=\"d-flex w-100 align-items-center h-button justify-content-lg-center justify-content-md-center justify-content-center style-642 style-local-1029-c12 position-relative\" rel=\"noopener\"><!----><!----> <span>charte<\/span><\/a>\n                    <\/span>\n                  <\/div>\n                <\/div>\n              <\/div>\n            <\/div>\n          <\/div>\n          <div class=\"h-column h-column-container d-flex h-col-lg-auto h-col-md-auto h-col-auto style-640-outer style-local-1029-c13-outer\">\n            <div data-colibri-id=\"1029-c13\" class=\"d-flex h-flex-basis h-column__inner h-ui-empty-state-container h-px-lg-2 h-px-md-2 h-px-2 v-inner-lg-2 v-inner-md-2 v-inner-2 style-640 style-local-1029-c13 position-relative\">\n              <!---->\n              <!---->\n              <div class=\"w-100 h-y-container h-column__content h-column__v-align flex-basis-100\">\n                <!---->\n              <\/div>\n            <\/div>\n          <\/div>\n        <\/div>\n      <\/div>\n    <\/div>\n  <\/div>\n<\/div>","protected":false},"excerpt":{"rendered":"<p>ADHESION L&rsquo;adh\u00e9sion est de 50 euros. (paiement par ch\u00e8que \u00e0 adresser \u00e0 l&rsquo;Association ou via le site helloasso). Pour les avocats souhaitant adh\u00e9rer \u00e0 l&rsquo;association, il est obligatoire de signer la charte de d\u00e9ontologie des avocats d&rsquo;enfants, adopt\u00e9e par le CNB et ratifi\u00e9e par l&rsquo;Ordre des Avocats de TOULOUSE. Helloasso BULLETIN D&rsquo;ADHESION charte<\/p>\n","protected":false},"author":1,"featured_media":0,"parent":0,"menu_order":0,"comment_status":"closed","ping_status":"closed","template":"page-templates\/full-width-page.php","meta":[],"_links":{"self":[{"href":"https:\/\/asso-ajt.fr\/index.php\/wp-json\/wp\/v2\/pages\/1029"}],"collection":[{"href":"https:\/\/asso-ajt.fr\/index.php\/wp-json\/wp\/v2\/pages"}],"about":[{"href":"https:\/\/asso-ajt.fr\/index.php\/wp-json\/wp\/v2\/types\/page"}],"author":[{"embeddable":true,"href":"https:\/\/asso-ajt.fr\/index.php\/wp-json\/wp\/v2\/users\/1"}],"replies":[{"embeddable":true,"href":"https:\/\/asso-ajt.fr\/index.php\/wp-json\/wp\/v2\/comments?post=1029"}],"version-history":[{"count":16,"href":"https:\/\/asso-ajt.fr\/index.php\/wp-json\/wp\/v2\/pages\/1029\/revisions"}],"predecessor-version":[{"id":2467,"href":"https:\/\/asso-ajt.fr\/index.php\/wp-json\/wp\/v2\/pages\/1029\/revisions\/2467"}],"wp:attachment":[{"href":"https:\/\/asso-ajt.fr\/index.php\/wp-json\/wp\/v2\/media?parent=1029"}],"curies":[{"name":"wp","href":"https:\/\/api.w.org\/{rel}","templated":true}]}}